{"id":92,"date":"2024-09-12T14:07:06","date_gmt":"2024-09-12T12:07:06","guid":{"rendered":"https:\/\/www.popymuerte.com\/blog\/?page_id=92"},"modified":"2024-10-28T09:04:50","modified_gmt":"2024-10-28T08:04:50","slug":"shows","status":"publish","type":"page","link":"https:\/\/www.popymuerte.com\/blog\/shows\/","title":{"rendered":"Shows"},"content":{"rendered":"\n<p class=\"has-superbfont-medium-font-size\"><strong>Funny F\u00fchrer<\/strong><\/p>\n\n\n\n<p><\/p>\n\n\n\n<figure class=\"wp-block-image size-large\"><img loading=\"lazy\" decoding=\"async\" width=\"1024\" height=\"576\" src=\"https:\/\/www.popymuerte.com\/blog\/wp-content\/uploads\/2024\/09\/FUNNY-FURER-1024x576.jpg\" alt=\"\" class=\"wp-image-155\" srcset=\"https:\/\/www.popymuerte.com\/blog\/wp-content\/uploads\/2024\/09\/FUNNY-FURER-1024x576.jpg 1024w, https:\/\/www.popymuerte.com\/blog\/wp-content\/uploads\/2024\/09\/FUNNY-FURER-300x169.jpg 300w, https:\/\/www.popymuerte.com\/blog\/wp-content\/uploads\/2024\/09\/FUNNY-FURER-768x432.jpg 768w, https:\/\/www.popymuerte.com\/blog\/wp-content\/uploads\/2024\/09\/FUNNY-FURER.jpg 1280w\" sizes=\"auto, (max-width: 1024px) 100vw, 1024px\" \/><\/figure>\n\n\n\n<p>Como el nombre del show indica, va de una figura que les mantiene insomnes y enur\u00e9ticos por la noche: Adolf H., excanciller alem\u00e1n, yonki, plagiarista mostachil de Chaplin, amante de los pastelitos de crema y quiz\u00e1s, solo quiz\u00e1s, monohuevo y \u201ccopr\u00f3filo impotente\u201d. Olviden casi todo lo que aprendieron con El Hundimiento y esos documentales mal repintados de la II\u00aa Guerra Mundial. A lo largo de hora y media de espect\u00e1culo, Kiko Amat y Benja Villegas relatan todo lo que hay que saber sobre: las verdaderas capacidades pict\u00f3ricas de Hitler; Dr. Theo Morell, su medicucho de cabecera, y la adicci\u00f3n galopante del \u201cpaciente A\u201d; los \u201crestre\u00f1imientos espasm\u00f3dicos\u201d del presidente del NSDAP; qu\u00e9 sucedi\u00f3 (de veras) con su cuerpo y otras divertidas conspiranoias; merch descabellado en el Tercer Reich; y mucho, mucho m\u00e1s. Una noche de cuchufleta anti-nazi, erudici\u00f3n y entretenimiento para toda la familia.<\/p>\n\n\n\n<p><strong>Pr\u00f3ximas Fechas: <\/strong>Por determinar<\/p>\n\n\n\n<p class=\"has-superbfont-medium-font-size\"><strong>\u00a1Jes\u00fas!<\/strong><\/p>\n\n\n\n<p><\/p>\n\n\n\n<figure class=\"wp-block-image size-large\"><img loading=\"lazy\" decoding=\"async\" width=\"1024\" height=\"576\" src=\"https:\/\/www.popymuerte.com\/blog\/wp-content\/uploads\/2024\/09\/jesus-1024x576.jpg\" alt=\"\" class=\"wp-image-156\" srcset=\"https:\/\/www.popymuerte.com\/blog\/wp-content\/uploads\/2024\/09\/jesus-1024x576.jpg 1024w, https:\/\/www.popymuerte.com\/blog\/wp-content\/uploads\/2024\/09\/jesus-300x169.jpg 300w, https:\/\/www.popymuerte.com\/blog\/wp-content\/uploads\/2024\/09\/jesus-768x432.jpg 768w, https:\/\/www.popymuerte.com\/blog\/wp-content\/uploads\/2024\/09\/jesus.jpg 1280w\" sizes=\"auto, (max-width: 1024px) 100vw, 1024px\" \/><\/figure>\n\n\n\n<p>\u00bfQui\u00e9n era en realidad Jes\u00fas de Nazaret? \u00bfUn jud\u00edo cabreado, un criptonudista galileo, un proto-jipiota con inclinaciones masoquistas, el anarco-punk que ech\u00f3 a los prestamistas del templo, una no-entidad que no ser\u00eda nadie si no llega ser por el departamento de prensa de Pablo de Tarso, un mero copi\u00f3n de Juan El Bautista\u2026? \u00bfO directamente se trataba del HIJO DE DIOS? \u00bfExisti\u00f3, para empezar? \u00bfEra feminista o incel? \u00bfEstaba cuerdo o, como cre\u00eda firmemente su familia, no tocaba ni cuartos ni horas? \u00bfEra borde con su madre? (bastante) \u00bfEra su viejo un carpintero cornutto, un arc\u00e1ngel inseminador o un soldado romano llamado Pantera? \u00bfY por qu\u00e9 todo el mundo se mete con Judas, si al final devolvi\u00f3 la pasta? Estas preguntas, y muchas, muchas m\u00e1s, ser\u00e1n respondidas, en la medida de sus habilidades, por Benja Villegas y Kiko Amat (dos traumados catholic boys) en el espectacular nuevo show en directo de Pop y Muerte, que tiene visuales, canciones y la hostia.<\/p>\n\n\n\n<p><strong>Pr\u00f3ximas Fechas: <\/strong>Por determinar<\/p>\n\n\n\n<p class=\"has-superbfont-medium-font-size\"><strong>Cap\u00edtulos con p\u00fablico<\/strong><\/p>\n\n\n\n<p><\/p>\n\n\n\n<figure class=\"wp-block-image size-large\"><img loading=\"lazy\" decoding=\"async\" width=\"1024\" height=\"576\" src=\"https:\/\/www.popymuerte.com\/blog\/wp-content\/uploads\/2024\/09\/podcast-1024x576.jpg\" alt=\"\" class=\"wp-image-162\" srcset=\"https:\/\/www.popymuerte.com\/blog\/wp-content\/uploads\/2024\/09\/podcast-1024x576.jpg 1024w, https:\/\/www.popymuerte.com\/blog\/wp-content\/uploads\/2024\/09\/podcast-300x169.jpg 300w, https:\/\/www.popymuerte.com\/blog\/wp-content\/uploads\/2024\/09\/podcast-768x432.jpg 768w, https:\/\/www.popymuerte.com\/blog\/wp-content\/uploads\/2024\/09\/podcast.jpg 1280w\" sizes=\"auto, (max-width: 1024px) 100vw, 1024px\" \/><\/figure>\n\n\n\n<p>En esta temporada, Pop y Muerte abre el estudio para que los fans puedan asistir a la grabaci\u00f3n de uno de los dos cap\u00edtulos mensuales. Todos los rangos de la PMA, por el mero hecho de serlo, est\u00e1n invitados a presenciar, en riguroso directo, la creaci\u00f3n de esa vieja magia negra llamada Pop y Muerte (frase rockera intencionada). Suscr\u00edbete y forma parte del \u00fanico podcast que va a contrapelo del&nbsp;<em>zeitgeist<\/em>. Plazas limitadas.<\/p>\n\n\n\n<p><strong>Pr\u00f3ximas Fechas:<\/strong><\/p>\n\n\n\n<p>Jueves 7 de noviembre 2024 \u00b7 Solo para Patreones<\/p>\n\n\n\n<p>Jueves 12 de diciembre 2024 \u00b7 Solo para Patreones<\/p>\n\n\n\n<p>Jueves 23 de enero 2025 \u00b7 Solo para Patreones<\/p>\n\n\n\n<p><\/p>\n","protected":false},"excerpt":{"rendered":"<p>Funny F\u00fchrer Como el nombre del show indica, va de una figura que les mantiene insomnes y enur\u00e9ticos por la noche: Adolf H., excanciller alem\u00e1n, yonki, plagiarista mostachil de Chaplin, amante de los pastelitos de crema y quiz\u00e1s, solo quiz\u00e1s, monohuevo y \u201ccopr\u00f3filo impotente\u201d. Olviden casi todo lo que aprendieron con El Hundimiento y esos [&hellip;]<\/p>\n","protected":false},"author":1,"featured_media":0,"parent":0,"menu_order":0,"comment_status":"closed","ping_status":"closed","template":"","meta":{"footnotes":""},"class_list":["post-92","page","type-page","status-publish","hentry"],"_links":{"self":[{"href":"https:\/\/www.popymuerte.com\/blog\/wp-json\/wp\/v2\/pages\/92","targetHints":{"allow":["GET"]}}],"collection":[{"href":"https:\/\/www.popymuerte.com\/blog\/wp-json\/wp\/v2\/pages"}],"about":[{"href":"https:\/\/www.popymuerte.com\/blog\/wp-json\/wp\/v2\/types\/page"}],"author":[{"embeddable":true,"href":"https:\/\/www.popymuerte.com\/blog\/wp-json\/wp\/v2\/users\/1"}],"replies":[{"embeddable":true,"href":"https:\/\/www.popymuerte.com\/blog\/wp-json\/wp\/v2\/comments?post=92"}],"version-history":[{"count":16,"href":"https:\/\/www.popymuerte.com\/blog\/wp-json\/wp\/v2\/pages\/92\/revisions"}],"predecessor-version":[{"id":239,"href":"https:\/\/www.popymuerte.com\/blog\/wp-json\/wp\/v2\/pages\/92\/revisions\/239"}],"wp:attachment":[{"href":"https:\/\/www.popymuerte.com\/blog\/wp-json\/wp\/v2\/media?parent=92"}],"curies":[{"name":"wp","href":"https:\/\/api.w.org\/{rel}","templated":true}]}}