{"id":83,"date":"2024-09-10T13:27:45","date_gmt":"2024-09-10T11:27:45","guid":{"rendered":"https:\/\/www.popymuerte.com\/blog\/newsletter\/"},"modified":"2026-02-23T12:42:25","modified_gmt":"2026-02-23T11:42:25","slug":"academia","status":"publish","type":"page","link":"https:\/\/www.popymuerte.com\/blog\/academia\/","title":{"rendered":"Academia Pop y Muerte"},"content":{"rendered":"<p><img loading=\"lazy\" decoding=\"async\" class=\"alignnone size-full wp-image-270\" src=\"https:\/\/www.popymuerte.com\/blog\/wp-content\/uploads\/2026\/02\/web-academia-2.jpg\" alt=\"\" width=\"1280\" height=\"615\" srcset=\"https:\/\/www.popymuerte.com\/blog\/wp-content\/uploads\/2026\/02\/web-academia-2.jpg 1280w, https:\/\/www.popymuerte.com\/blog\/wp-content\/uploads\/2026\/02\/web-academia-2-300x144.jpg 300w, https:\/\/www.popymuerte.com\/blog\/wp-content\/uploads\/2026\/02\/web-academia-2-1024x492.jpg 1024w, https:\/\/www.popymuerte.com\/blog\/wp-content\/uploads\/2026\/02\/web-academia-2-768x369.jpg 768w\" sizes=\"auto, (max-width: 1280px) 100vw, 1280px\" \/><\/p>\n<p><a href=\"https:\/\/popymuerte.bigcartel.com\/\" target=\"_blank\" rel=\"noopener\"><em><span style=\"font-weight: 400;\"><strong>&gt; Enlace de compra de las sesi\u00f3nes<\/strong><\/span><\/em><\/a><\/p>\n<p><em><strong>PR\u00d3XIMAS SESIONES:<\/strong><\/em><\/p>\n<p><em><span style=\"font-weight: 400;\"><strong>Sesi\u00f3n 1:<\/strong> CHARLES PORTIS <\/span><span style=\"font-weight: 400;\">El perro del sur<\/span><span style=\"font-weight: 400;\"> (1979)<\/span><\/em><\/p>\n<p><em><span style=\"font-weight: 400;\"><strong>Club de Lectura Presencial:<\/strong> Mi\u00e9rcoles 25 de febrero de 2026. 19:30h en la Llama Store (Barcelona)<\/span><\/em><\/p>\n<p>***<\/p>\n<p><em><span style=\"font-weight: 400;\"><strong>Sesi\u00f3n 2:<\/strong> MARY KARR <\/span><span style=\"font-weight: 400;\">El club de los mentirosos<\/span><span style=\"font-weight: 400;\"> (1995)<\/span><\/em><\/p>\n<p><em><span style=\"font-weight: 400;\"><strong>Club de Lectura Presencial:<\/strong> Mi\u00e9rcoles 15 de abril de 2026. 19:30h en la Llama Store (Barcelona)<\/span><\/em><\/p>\n<p>***<\/p>\n<p><em><span style=\"font-weight: 400;\"><strong>Sesi\u00f3n 3:<\/strong> KNUT HAMSUM <\/span><span style=\"font-weight: 400;\">Hambre<\/span><span style=\"font-weight: 400;\"> (1890)<\/span><\/em><\/p>\n<p><em><span style=\"font-weight: 400;\"><strong>Club de Lectura Presencial:<\/strong> Mi\u00e9rcoles 17 de junio de 2026. 19:30h en la Llama Store (Barcelona)<\/span><\/em><\/p>\n<p>***<\/p>\n<p><em><span style=\"font-weight: 400;\"><strong>Sesi\u00f3n 4:<\/strong> DON CARPENTER <\/span><span style=\"font-weight: 400;\">Dura la lluvia que cae<\/span><span style=\"font-weight: 400;\"> (1966)<\/span><\/em><\/p>\n<p><em><span style=\"font-weight: 400;\"><strong>Club de Lectura Presencial:<\/strong> Mi\u00e9rcoles 9 de septiembre de 2026. 19:30h en la Llama Store (Barcelona)<\/span><\/em><\/p>\n<p>***<\/p>\n<p><em><span style=\"font-weight: 400;\"><strong>Sesi\u00f3n 5:<\/strong> JOHN WILLIAMS <\/span><\/em><em><span style=\"font-weight: 400;\">Stoner<\/span><span style=\"font-weight: 400;\"> (1965)<\/span><\/em><\/p>\n<p><em><span style=\"font-weight: 400;\"><strong>Club de Lectura Presencial:<\/strong> Mi\u00e9rcoles 4 de noviembre de 2026. 19:30h en la Llama Store (Barcelona)<\/span><\/em><\/p>\n<p>***<\/p>\n<p><em><span style=\"font-weight: 400;\"><strong>Sesi\u00f3n 6:<\/strong> MURIEL SPARK <\/span><span style=\"font-weight: 400;\">La plenitud de la se\u00f1orita Brodie <\/span><span style=\"font-weight: 400;\">(1961)<\/span><\/em><\/p>\n<p><em><span style=\"font-weight: 400;\"><strong>Club de Lectura Presencial:<\/strong> Mi\u00e9rcoles 16 de diciembre de 2025. 19:30h en la Llama Store (Barcelona)<\/span><\/em><\/p>\n<p><span style=\"font-weight: 400;\">El escritor americano John Williams dijo \u201cLeer sin placer; \u00a1Qu\u00e9 absurdo!\u201d. Y sin embargo, en el mundo de la cultura se fomenta la idea de que la lectura es un trabajo, con frecuencia ingrato, por el que uno tiene que pasar para adquirir una \u201ceducaci\u00f3n\u201d. A menudo, esa propuesta ejemplarizante viene envuelta, como las capas de absorci\u00f3n lenta de algunos f\u00e1rmacos, en una promesa de regocijo que jam\u00e1s llega a realizarse.\u00a0<\/span><\/p>\n<p><span style=\"font-weight: 400;\">El resultado de todo ello es que el lector medio termina enfrent\u00e1ndose a la novela como si fuese el segundo plato de garbanzos que de ni\u00f1o le pon\u00eda su madre: por obligaci\u00f3n, sin ganas, y notando la \u201cbola\u201d, en este caso literaria, crecer en el propio gaznate.<\/span><\/p>\n<p><span style=\"font-weight: 400;\">Academia Pop y Muerte, impartida por el novelista Kiko Amat (1971), viene a imputar la falacia de la flagelaci\u00f3n lectora, y a defender que puede, y debe, leerse por puro disfrute. No deber\u00eda olvidarse que la ficci\u00f3n narrativa es lo que utilizaba principalmente la gente para <\/span><i><span style=\"font-weight: 400;\">pasarlo bien<\/span><\/i><span style=\"font-weight: 400;\">, no hace tanto. En base a esa honorable meta se trazar\u00e1 el programa de cada nueva temporada.<\/span><\/p>\n<p><span style=\"font-weight: 400;\">La selecci\u00f3n de Kiko Amat huye del canon de \u201cfalso m\u00e1rmol\u201d, como dir\u00eda Josep Pla, y traza una carretera secundaria de lecturas que, simplemente, le hicieron gozar lo indecible. En su \u201cplan de estudios\u201d (es broma) se encuentran libros de humor ingl\u00e9s, cl\u00e1sicos no-del-todo-can\u00f3nicos, novelas decimon\u00f3nicas que <\/span><i><span style=\"font-weight: 400;\">no<\/span><\/i><span style=\"font-weight: 400;\"> tienen 900 p\u00e1ginas, diecioechescos de culto que la cr\u00edtica odi\u00f3 en su tiempo, maravillas modernas (que no posmodernas), rarezas subculturales o <\/span><i><span style=\"font-weight: 400;\">underground<\/span><\/i><span style=\"font-weight: 400;\">, y libros de autores consagrados que la academia considera menores (seguramente porque eran demasiado divertidos) pero no lo son en absoluto. Tambi\u00e9n yanquis sure\u00f1os\/as, ciencia ficci\u00f3n sublime, bastantes brit\u00e1nicos\/as (la lista tiene un ligero, e inevitable, sesgo anglo), Western alucinante, alg\u00fan carcelario, el ocasional g\u00f3tico, novelas de campus, novelas de iniciaci\u00f3n, tambi\u00e9n novedades y memorias esenciales.\u00a0<\/span><\/p>\n<p><span style=\"font-weight: 400;\">Es una recopilaci\u00f3n calidosc\u00f3pica, como puede verse, con intenci\u00f3n l\u00fadica y popular. Ninguna de las novelas escogidas es \u201cdif\u00edcil\u201d, porque la profundidad no tiene por qu\u00e9 ser sin\u00f3nima de ofuscaci\u00f3n y \u201cameno\u201d no es una palabra fea.\u00a0<\/span><\/p>\n\n\n<p><\/p>\n","protected":false},"excerpt":{"rendered":"<p>&gt; Enlace de compra de las sesi\u00f3nes PR\u00d3XIMAS SESIONES: Sesi\u00f3n 1: CHARLES PORTIS El perro del sur (1979) Club de Lectura Presencial: Mi\u00e9rcoles 25 de febrero de 2026. 19:30h en la Llama Store (Barcelona) *** Sesi\u00f3n 2: MARY KARR El club de los mentirosos (1995) Club de Lectura Presencial: Mi\u00e9rcoles 15 de abril de 2026. [&hellip;]<\/p>\n","protected":false},"author":1,"featured_media":0,"parent":0,"menu_order":0,"comment_status":"closed","ping_status":"closed","template":"","meta":{"footnotes":""},"class_list":["post-83","page","type-page","status-publish","hentry"],"_links":{"self":[{"href":"https:\/\/www.popymuerte.com\/blog\/wp-json\/wp\/v2\/pages\/83","targetHints":{"allow":["GET"]}}],"collection":[{"href":"https:\/\/www.popymuerte.com\/blog\/wp-json\/wp\/v2\/pages"}],"about":[{"href":"https:\/\/www.popymuerte.com\/blog\/wp-json\/wp\/v2\/types\/page"}],"author":[{"embeddable":true,"href":"https:\/\/www.popymuerte.com\/blog\/wp-json\/wp\/v2\/users\/1"}],"replies":[{"embeddable":true,"href":"https:\/\/www.popymuerte.com\/blog\/wp-json\/wp\/v2\/comments?post=83"}],"version-history":[{"count":19,"href":"https:\/\/www.popymuerte.com\/blog\/wp-json\/wp\/v2\/pages\/83\/revisions"}],"predecessor-version":[{"id":271,"href":"https:\/\/www.popymuerte.com\/blog\/wp-json\/wp\/v2\/pages\/83\/revisions\/271"}],"wp:attachment":[{"href":"https:\/\/www.popymuerte.com\/blog\/wp-json\/wp\/v2\/media?parent=83"}],"curies":[{"name":"wp","href":"https:\/\/api.w.org\/{rel}","templated":true}]}}