{"id":198,"date":"2024-10-01T10:19:05","date_gmt":"2024-10-01T08:19:05","guid":{"rendered":"https:\/\/www.popymuerte.com\/blog\/?page_id=198"},"modified":"2024-10-08T17:00:04","modified_gmt":"2024-10-08T15:00:04","slug":"playlists","status":"publish","type":"page","link":"https:\/\/www.popymuerte.com\/blog\/playlists\/","title":{"rendered":"Playlists"},"content":{"rendered":"\n<p>Recupera todas las canciones que han sonado en las temporadas de Pop y Muerte. Bueno, solo las que est\u00e1n en Spotify. Para el resto os tocar\u00e1 hacer un Shazam, buscarla en YouTube o poneros el trozo del cap\u00edtulo donde suena en bucle. <\/p>\n\n\n\n<p><\/p>\n\n\n\n<figure class=\"wp-block-image alignleft size-full is-resized\"><a href=\"https:\/\/open.spotify.com\/playlist\/7EXuFafzZ5bzf67sYjoHdh?si=YpS8ztD7QZi9HIy6xRFtFw\" target=\"_blank\" rel=\"noreferrer noopener\"><img loading=\"lazy\" decoding=\"async\" width=\"1200\" height=\"1200\" src=\"https:\/\/www.popymuerte.com\/blog\/wp-content\/uploads\/2024\/10\/playslists-copia-1.jpg\" alt=\"\" class=\"wp-image-199\" style=\"width:150px\" srcset=\"https:\/\/www.popymuerte.com\/blog\/wp-content\/uploads\/2024\/10\/playslists-copia-1.jpg 1200w, https:\/\/www.popymuerte.com\/blog\/wp-content\/uploads\/2024\/10\/playslists-copia-1-300x300.jpg 300w, https:\/\/www.popymuerte.com\/blog\/wp-content\/uploads\/2024\/10\/playslists-copia-1-1024x1024.jpg 1024w, https:\/\/www.popymuerte.com\/blog\/wp-content\/uploads\/2024\/10\/playslists-copia-1-150x150.jpg 150w, https:\/\/www.popymuerte.com\/blog\/wp-content\/uploads\/2024\/10\/playslists-copia-1-768x768.jpg 768w\" sizes=\"auto, (max-width: 1200px) 100vw, 1200px\" \/><\/a><\/figure>\n\n\n\n<figure class=\"wp-block-image alignleft size-large is-resized\"><a href=\"https:\/\/open.spotify.com\/playlist\/5YcQRIE2SHUqTnCCDOI9km?si=Is-znugmTm25iKlOlGi4xQ\" target=\"_blank\" rel=\"noreferrer noopener\"><img loading=\"lazy\" decoding=\"async\" width=\"1024\" height=\"1024\" src=\"https:\/\/www.popymuerte.com\/blog\/wp-content\/uploads\/2024\/10\/playslists-copia-2-1024x1024.jpg\" alt=\"\" class=\"wp-image-200\" style=\"width:150px\" srcset=\"https:\/\/www.popymuerte.com\/blog\/wp-content\/uploads\/2024\/10\/playslists-copia-2-1024x1024.jpg 1024w, https:\/\/www.popymuerte.com\/blog\/wp-content\/uploads\/2024\/10\/playslists-copia-2-300x300.jpg 300w, https:\/\/www.popymuerte.com\/blog\/wp-content\/uploads\/2024\/10\/playslists-copia-2-150x150.jpg 150w, https:\/\/www.popymuerte.com\/blog\/wp-content\/uploads\/2024\/10\/playslists-copia-2-768x768.jpg 768w, https:\/\/www.popymuerte.com\/blog\/wp-content\/uploads\/2024\/10\/playslists-copia-2.jpg 1200w\" sizes=\"auto, (max-width: 1024px) 100vw, 1024px\" \/><\/a><\/figure>\n\n\n\n<figure class=\"wp-block-image alignleft size-large is-resized\"><a href=\"https:\/\/open.spotify.com\/playlist\/6VA7v5cD1MvhYkmSQzd5TT?si=QYy3259xTB-3ntENMzppdw\" target=\"_blank\" rel=\"noreferrer noopener\"><img loading=\"lazy\" decoding=\"async\" width=\"1024\" height=\"1024\" src=\"https:\/\/www.popymuerte.com\/blog\/wp-content\/uploads\/2024\/10\/playslists-copia-3-1024x1024.jpg\" alt=\"\" class=\"wp-image-201\" style=\"width:150px\" srcset=\"https:\/\/www.popymuerte.com\/blog\/wp-content\/uploads\/2024\/10\/playslists-copia-3-1024x1024.jpg 1024w, https:\/\/www.popymuerte.com\/blog\/wp-content\/uploads\/2024\/10\/playslists-copia-3-300x300.jpg 300w, https:\/\/www.popymuerte.com\/blog\/wp-content\/uploads\/2024\/10\/playslists-copia-3-150x150.jpg 150w, https:\/\/www.popymuerte.com\/blog\/wp-content\/uploads\/2024\/10\/playslists-copia-3-768x768.jpg 768w, https:\/\/www.popymuerte.com\/blog\/wp-content\/uploads\/2024\/10\/playslists-copia-3.jpg 1200w\" sizes=\"auto, (max-width: 1024px) 100vw, 1024px\" \/><\/a><\/figure>\n\n\n\n<figure class=\"wp-block-image alignleft size-large is-resized\"><a href=\"https:\/\/open.spotify.com\/playlist\/2LryIOyu252yHnpqUcFYkO?si=_GrKxvB1RRC7czlUdNZ3dw\" target=\"_blank\" rel=\"noreferrer noopener\"><img loading=\"lazy\" decoding=\"async\" width=\"1024\" height=\"1024\" src=\"https:\/\/www.popymuerte.com\/blog\/wp-content\/uploads\/2024\/10\/playslists-T4-1024x1024.jpg\" alt=\"\" class=\"wp-image-202\" style=\"width:150px\" srcset=\"https:\/\/www.popymuerte.com\/blog\/wp-content\/uploads\/2024\/10\/playslists-T4-1024x1024.jpg 1024w, https:\/\/www.popymuerte.com\/blog\/wp-content\/uploads\/2024\/10\/playslists-T4-300x300.jpg 300w, https:\/\/www.popymuerte.com\/blog\/wp-content\/uploads\/2024\/10\/playslists-T4-150x150.jpg 150w, https:\/\/www.popymuerte.com\/blog\/wp-content\/uploads\/2024\/10\/playslists-T4-768x768.jpg 768w, https:\/\/www.popymuerte.com\/blog\/wp-content\/uploads\/2024\/10\/playslists-T4.jpg 1200w\" sizes=\"auto, (max-width: 1024px) 100vw, 1024px\" \/><\/a><\/figure>\n\n\n\n<p><\/p>\n\n\n\n<p><em>Tambi\u00e9n pod\u00e9is comprar nuestro cassette<\/em> <a href=\"https:\/\/popymuerte.bigcartel.com\/\" data-type=\"link\" data-id=\"https:\/\/popymuerte.bigcartel.com\/\" target=\"_blank\" rel=\"noreferrer noopener\">aqu\u00ed<\/a><\/p>\n\n\n\n<p><\/p>\n","protected":false},"excerpt":{"rendered":"<p>Recupera todas las canciones que han sonado en las temporadas de Pop y Muerte. Bueno, solo las que est\u00e1n en Spotify. Para el resto os tocar\u00e1 hacer un Shazam, buscarla en YouTube o poneros el trozo del cap\u00edtulo donde suena en bucle. Tambi\u00e9n pod\u00e9is comprar nuestro cassette aqu\u00ed<\/p>\n","protected":false},"author":1,"featured_media":0,"parent":0,"menu_order":0,"comment_status":"closed","ping_status":"closed","template":"","meta":{"footnotes":""},"class_list":["post-198","page","type-page","status-publish","hentry"],"_links":{"self":[{"href":"https:\/\/www.popymuerte.com\/blog\/wp-json\/wp\/v2\/pages\/198","targetHints":{"allow":["GET"]}}],"collection":[{"href":"https:\/\/www.popymuerte.com\/blog\/wp-json\/wp\/v2\/pages"}],"about":[{"href":"https:\/\/www.popymuerte.com\/blog\/wp-json\/wp\/v2\/types\/page"}],"author":[{"embeddable":true,"href":"https:\/\/www.popymuerte.com\/blog\/wp-json\/wp\/v2\/users\/1"}],"replies":[{"embeddable":true,"href":"https:\/\/www.popymuerte.com\/blog\/wp-json\/wp\/v2\/comments?post=198"}],"version-history":[{"count":15,"href":"https:\/\/www.popymuerte.com\/blog\/wp-json\/wp\/v2\/pages\/198\/revisions"}],"predecessor-version":[{"id":223,"href":"https:\/\/www.popymuerte.com\/blog\/wp-json\/wp\/v2\/pages\/198\/revisions\/223"}],"wp:attachment":[{"href":"https:\/\/www.popymuerte.com\/blog\/wp-json\/wp\/v2\/media?parent=198"}],"curies":[{"name":"wp","href":"https:\/\/api.w.org\/{rel}","templated":true}]}}